{"id":15,"date":"2026-01-07T20:40:05","date_gmt":"2026-01-07T17:40:05","guid":{"rendered":"https:\/\/drevrimsenkal.com\/?page_id=15"},"modified":"2026-03-29T09:46:58","modified_gmt":"2026-03-29T06:46:58","slug":"iletisim","status":"publish","type":"page","link":"https:\/\/drevrimsenkal.com\/en\/iletisim\/","title":{"rendered":"Contact"},"content":{"rendered":"<div class=\"wpb-content-wrapper\"><p>[vc_row][vc_column width=&#8221;1\/3&#8243;]<div class=\"ult-content-box-container \" >\t\t<div class=\"ult-content-box\" style=\"background-color:#233344;box-shadow: px px px px none;border-style:solid;border-width:0px;border-radius:15px;padding:25px;-webkit-transition: all 700ms ease;-moz-transition: all 700ms ease;-ms-transition: all 700ms ease;-o-transition: all 700ms ease;transition: all 700ms ease;\"  data-hover_box_shadow=\"none\"     data-bg=\"#233344\"  data-border_color=\"\" ><div id=\"ultimate-heading-689669e6319c785a6\" class=\"uvc-heading ult-adjust-bottom-margin ultimate-heading-689669e6319c785a6 uvc-171  uvc-heading-default-font-sizes\" data-hspacer=\"no_spacer\"  data-halign=\"left\" style=\"text-align:left\"><div class=\"uvc-heading-spacer no_spacer\" style=\"top\"><\/div><div class=\"uvc-main-heading ult-responsive\"  data-ultimate-target='.uvc-heading.ultimate-heading-689669e6319c785a6 h2'  data-responsive-json-new='{\"font-size\":\"\",\"line-height\":\"\"}' ><h2 style=\"--font-weight:theme;color:#E5F5FC;\">How can I help you?<\/h2><\/div><div class=\"uvc-sub-heading ult-responsive\"  data-ultimate-target='.uvc-heading.ultimate-heading-689669e6319c785a6 .uvc-sub-heading '  data-responsive-json-new='{\"font-size\":\"\",\"line-height\":\"\"}'  style=\"font-weight:normal;color:#E5F5FC;margin-bottom:30px;\"><\/p>\n<p data-start=\"1909\" data-end=\"2130\">You can fill out the form for appointment requests, follow-up care, or general questions. Your message will be delivered to me or my team and reviewed carefully.<\/p>\n<ul data-start=\"2131\" data-end=\"2255\">\n<li data-section-id=\"kl79lm\" data-start=\"2131\" data-end=\"2174\">\n<p data-start=\"2133\" data-end=\"2174\">Choose your preferred method of contact.<\/p>\n<\/li>\n<li data-section-id=\"1f9b7l4\" data-start=\"2175\" data-end=\"2215\">\n<p data-start=\"2177\" data-end=\"2215\">Please indicate your available days and time slots.<\/p>\n<\/li>\n<li data-section-id=\"1f4u70m\" data-start=\"2216\" data-end=\"2255\">\n<p data-start=\"2218\" data-end=\"2255\">In emergencies, please call 112.<\/p>\n<\/li>\n<\/ul>\n<p><\/div><\/div>\t\t<\/div><\/div>[\/vc_column][vc_column width=&#8221;2\/3&#8243;]<div class=\"ult-content-box-container \" >\t\t<div class=\"ult-content-box\" style=\"background-color:#14A0BA66;box-shadow: px px px px none;border-style:solid;border-width:0px;border-radius:15px;padding:30px;-webkit-transition: all 700ms ease;-moz-transition: all 700ms ease;-ms-transition: all 700ms ease;-o-transition: all 700ms ease;transition: all 700ms ease;\"  data-hover_box_shadow=\"none\"     data-bg=\"#14A0BA66\"  data-border_color=\"\" >\n<div class=\"wpcf7 no-js\" id=\"wpcf7-f5-o2\" lang=\"en-US\" dir=\"ltr\" data-wpcf7-id=\"5\">\n<div class=\"screen-reader-response\"><p role=\"status\" aria-live=\"polite\" aria-atomic=\"true\"><\/p> <ul><\/ul><\/div>\n<form action=\"\/en\/wp-json\/wp\/v2\/pages\/15#wpcf7-f5-o2\" method=\"post\" class=\"wpcf7-form init wpcf7-acceptance-as-validation\" aria-label=\"Contact form\" novalidate=\"novalidate\" data-status=\"init\">\n<fieldset class=\"hidden-fields-container\"><input type=\"hidden\" name=\"_wpcf7\" value=\"5\" \/><input type=\"hidden\" name=\"_wpcf7_version\" value=\"6.1.5\" \/><input type=\"hidden\" name=\"_wpcf7_locale\" value=\"en_US\" \/><input type=\"hidden\" name=\"_wpcf7_unit_tag\" value=\"wpcf7-f5-o2\" \/><input type=\"hidden\" name=\"_wpcf7_container_post\" value=\"0\" \/><input type=\"hidden\" name=\"_wpcf7_posted_data_hash\" value=\"\" \/>\n<\/fieldset>\n<p><label>Full Name<span class=\"wpcf7-form-control-wrap\" data-name=\"your-name\"><input size=\"40\" maxlength=\"400\" class=\"wpcf7-form-control wpcf7-text wpcf7-validates-as-required\" autocomplete=\"name\" aria-required=\"true\" aria-invalid=\"false\" value=\"\" type=\"text\" name=\"your-name\" \/><\/span><\/label>\n<\/p>\n<div style=\"display:flex; margin-inline:-10px;\">\n\t<div style=\"margin-inline:10px;\">\n\t\t<p><label>Email<br \/>\n<span class=\"wpcf7-form-control-wrap\" data-name=\"your-email\"><input size=\"40\" maxlength=\"400\" class=\"wpcf7-form-control wpcf7-email wpcf7-validates-as-required wpcf7-text wpcf7-validates-as-email\" autocomplete=\"email\" aria-required=\"true\" aria-invalid=\"false\" value=\"\" type=\"email\" name=\"your-email\" \/><\/span><\/label>\n\t\t<\/p>\n\t<\/div>\n\t<div style=\"margin-inline:10px;\">\n\t\t<p><label>Phone<br \/>\n<span class=\"wpcf7-form-control-wrap\" data-name=\"your-phone\"><input size=\"40\" maxlength=\"400\" class=\"wpcf7-form-control wpcf7-tel wpcf7-validates-as-required wpcf7-text wpcf7-validates-as-tel\" autocomplete=\"tel\" aria-required=\"true\" aria-invalid=\"false\" value=\"\" type=\"tel\" name=\"your-phone\" \/><\/span><\/label>\n\t\t<\/p>\n\t<\/div>\n<\/div>\n<p><label>Subject<br \/>\n<span class=\"wpcf7-form-control-wrap\" data-name=\"topic\"><select class=\"wpcf7-form-control wpcf7-select wpcf7-validates-as-required\" aria-required=\"true\" aria-invalid=\"false\" name=\"topic\"><option value=\"\">Select<\/option><option value=\"Appointment Request\">Appointment Request<\/option><option value=\"Growth &amp; Development Monitoring\">Growth &amp; Development Monitoring<\/option><option value=\"Nutrition \/ Breastfeeding\">Nutrition \/ Breastfeeding<\/option><option value=\"Sleep Counseling\">Sleep Counseling<\/option><option value=\"Vaccinations \/ Preventive Care\">Vaccinations \/ Preventive Care<\/option><option value=\"About Results \/ Reports \/ Tests\">About Results \/ Reports \/ Tests<\/option><option value=\"Administrative Matters (fees, address, office hours)\">Administrative Matters (fees, address, office hours)<\/option><option value=\"Other\">Other<\/option><\/select><\/span><\/label>\n<\/p>\n<p><label>Patient age group<br \/>\n<span class=\"wpcf7-form-control-wrap\" data-name=\"patient-type\"><select class=\"wpcf7-form-control wpcf7-select\" aria-invalid=\"false\" name=\"patient-type\"><option value=\"\">Select<\/option><option value=\"Infant (0-12 months)\">Infant (0-12 months)<\/option><option value=\"Child (1-10 years)\">Child (1-10 years)<\/option><option value=\"Adolescent (11-18 years)\">Adolescent (11-18 years)<\/option><\/select><\/span><\/label>\n<\/p>\n<p><label>Your Message<br \/>\n<span class=\"wpcf7-form-control-wrap\" data-name=\"your-message\"><textarea cols=\"40\" rows=\"10\" maxlength=\"2000\" class=\"wpcf7-form-control wpcf7-textarea wpcf7-validates-as-required\" aria-required=\"true\" aria-invalid=\"false\" placeholder=\"Briefly describe your inquiry. For appointments, you may include your available days\/times and the reason for the visit.\" name=\"your-message\"><\/textarea><\/span><\/label>\n<\/p>\n<p><label><span class=\"wpcf7-form-control-wrap\" data-name=\"newsletter-consent\"><span class=\"wpcf7-form-control wpcf7-checkbox\"><span class=\"wpcf7-list-item first last\"><input type=\"checkbox\" name=\"newsletter-consent[]\" value=\"I agree to receive informational content and announcements about child health at my email address. (Optional)\" \/><span class=\"wpcf7-list-item-label\">I agree to receive informational content and announcements about child health at my email address. (Optional)<\/span><\/span><\/span><\/span><br \/>\n<\/label>\n<\/p>\n<p><label><span class=\"wpcf7-form-control-wrap\" data-name=\"kvkk-consent\"><span class=\"wpcf7-form-control wpcf7-acceptance\"><span class=\"wpcf7-list-item\"><label><input type=\"checkbox\" name=\"kvkk-consent\" value=\"1\" aria-invalid=\"false\" \/><span class=\"wpcf7-list-item-label\">I have read the Personal Data Protection Information Notice and consent to the processing of my personal data within the scope of my contact request.<\/span><\/label><\/span><\/span><\/span><\/label>\n<\/p>\n<div class=\"wpcf7-turnstile cf-turnstile\" data-sitekey=\"0x4AAAAAACgjqe4I_RWBtdTo\" data-response-field-name=\"_wpcf7_turnstile_response\"><\/div>\n<p><input class=\"wpcf7-form-control wpcf7-submit has-spinner\" type=\"submit\" value=\"Send\" \/>\n<\/p>\n<style>.wpcf7-not-valid-tip{display:block;}\n<\/style><div class=\"wpcf7-response-output\" aria-hidden=\"true\"><\/div>\n<\/form>\n<\/div>\n\t\t<\/div><\/div>[\/vc_column][\/vc_row][vc_row][vc_column][vc_empty_space height=&#8221;30px&#8221;]<div class=\"ult-content-box-container \" >\t\t<div class=\"ult-content-box\" style=\"background-color:#FFFFFF;box-shadow: px px px px none;border-style:solid;border-width:0px;border-radius:15px;padding:20px;-webkit-transition: all 700ms ease;-moz-transition: all 700ms ease;-ms-transition: all 700ms ease;-o-transition: all 700ms ease;transition: all 700ms ease;\"  data-hover_box_shadow=\"none\"     data-bg=\"#FFFFFF\"  data-border_color=\"\" >[vc_row_inner][vc_column_inner width=&#8221;1\/3&#8243;][vc_column_text css=&#8221;&#8221;]<\/p>\n<h4>Address<\/h4>\n<p>K\u00fc\u00e7\u00fckbakkalk\u00f6y, Kocasinan Cd No:45 Villa 3, 34636 Ata\u015fehir\/\u0130stanbul<\/p>\n<h4>Phone<\/h4>\n<p>+90 531 305 19 80[\/vc_column_text][\/vc_column_inner][vc_column_inner width=&#8221;2\/3&#8243;][vc_goo_maps location=&#8221;Dr. Evrim \u015eenkal&#8221; height=&#8221;400&#8243; zoom=&#8221;18&#8243; css=&#8221;.vc_custom_1771820951278{margin-bottom: 0px !important;}&#8221;][\/vc_column_inner][\/vc_row_inner]\t\t<\/div><\/div>[\/vc_column][\/vc_row]<\/p>\n<\/div>","protected":false},"excerpt":{"rendered":"<p>[vc_row][vc_column width=&#8221;1\/3&#8243;][\/vc_column][vc_column width=&#8221;2\/3&#8243;][\/vc_column][\/vc_row][vc_row][vc_column][vc_empty_space height=&#8221;30px&#8221;][\/vc_column][\/vc_row]<\/p>\n","protected":false},"author":4,"featured_media":0,"parent":0,"menu_order":0,"comment_status":"closed","ping_status":"closed","template":"","meta":{"footnotes":""},"class_list":["post-15","page","type-page","status-publish","hentry","description-off"],"_links":{"self":[{"href":"https:\/\/drevrimsenkal.com\/en\/wp-json\/wp\/v2\/pages\/15","targetHints":{"allow":["GET"]}}],"collection":[{"href":"https:\/\/drevrimsenkal.com\/en\/wp-json\/wp\/v2\/pages"}],"about":[{"href":"https:\/\/drevrimsenkal.com\/en\/wp-json\/wp\/v2\/types\/page"}],"author":[{"embeddable":true,"href":"https:\/\/drevrimsenkal.com\/en\/wp-json\/wp\/v2\/users\/4"}],"replies":[{"embeddable":true,"href":"https:\/\/drevrimsenkal.com\/en\/wp-json\/wp\/v2\/comments?post=15"}],"version-history":[{"count":6,"href":"https:\/\/drevrimsenkal.com\/en\/wp-json\/wp\/v2\/pages\/15\/revisions"}],"predecessor-version":[{"id":865,"href":"https:\/\/drevrimsenkal.com\/en\/wp-json\/wp\/v2\/pages\/15\/revisions\/865"}],"wp:attachment":[{"href":"https:\/\/drevrimsenkal.com\/en\/wp-json\/wp\/v2\/media?parent=15"}],"curies":[{"name":"wp","href":"https:\/\/api.w.org\/{rel}","templated":true}]}}