{"id":662,"date":"2026-02-25T19:17:21","date_gmt":"2026-02-25T16:17:21","guid":{"rendered":"https:\/\/drevrimsenkal.com\/?page_id=662"},"modified":"2026-03-29T09:41:06","modified_gmt":"2026-03-29T06:41:06","slug":"uluslararasi-hakemli-dergilerde-yayinlanan-makaleler-scissciarts-and-humanities","status":"publish","type":"page","link":"https:\/\/drevrimsenkal.com\/en\/yayinlarim\/uluslararasi-hakemli-dergilerde-yayinlanan-makaleler-scissciarts-and-humanities\/","title":{"rendered":"Articles Published in International Peer-Reviewed Journals (SCI, SSCI, Arts and Humanities)"},"content":{"rendered":"<ul>\n<li class=\"p1\">Ipek IO, Sezer RG, <b>\u015eenkal E<\/b>, Bozaykut A. Relationship between procalcitonin levels and presence of vesicoureteral reflux during first febrile urinary tract infection in children. Urology. 2012 Apr;79(4):883-7. doi: 10.1016\/j.urology2011.11.014. Epub 2012 Jan13<\/li>\n<li class=\"p1\">Erdogan F, Elia\u00e7\u0131k M, <b>\u015eenkal E<\/b>, Erdur SK, Kulak K, Ipek IO. Evaluation of the effects of serum iron levels on lacrimal gland secretion. Kaohsiung Journal of Medical Sciences (2015) 31, 426-431<\/li>\n<li class=\"p1\">Erdogan F, Kadak M.T, Selvi Y, Kartal V, <b>\u015eenkal E<\/b>, Ates B, Akgul M. The Influence of the Sleep-Wake Cycle on Primary Monosymptomatic Nocturnal Enuresis: A non-randomized comparative study. Biological Rhythm Research, DOI: 10.1080\/09291016.2015.1130944<\/li>\n<li class=\"p2\">Duranku\u015f F<b>, \u015eenkal E, <\/b>S\u00fcnnet\u00e7i E, Albayrak Y, Beyazy\u00fcz M, Atasoy \u00d6, Erba\u015f O. Beneficial Effects of Ibuprofen on Pentylenetetrazol-induced Convulsion. <span class=\"s1\">Neurochem Res. <\/span>2020 Oct;45(10):2409-2416. doi: 10.1007\/s11064-020-03101-3. Epub 2020 Jul 27.PMID: 32719978<\/li>\n<li class=\"p2\">Duranku\u015f F, <b>\u015eenkal E<\/b>, \u00c7am S, Potas N, Albayrak Y, Nural C, Erel \u00d6. Altered thiol\/disulfide homeostasis and ischemia-modified albumin levels in children with irritablebowel syndrome. Pediatr Int. 2021 Mar;63(3):300-305. doi: 10.1111\/ped.14406. Epub 2021 Mar 16. PMID: 32713058.<\/li>\n<li class=\"p2\"><b>\u015eenkal E<\/b>, Duranku\u015f F, \u00c7am S, Potas N, Beyazy\u00fcz M, Albayrak Y. Increased serum BDNF and ProBDNF levels in children with irritable bowel syndrome. J Psychosom Res. 2020 Oct;137:110216. doi: 10.1016\/j.jpsychores.2020.110216. Epub 2020 Aug 10. PMID: 32829103.<\/li>\n<li class=\"p1\"><b>\u015eenkal E, <\/b>Bagcioglu E, Eryigit U, Erbas O, Solmaz V<b>. <\/b><span class=\"s3\">Exposure to hypertonic solutions <\/span>during pregnancy induces autism-like behaviors via the NFAT-5 pathway in offspring in a rat <span class=\"s3\">model. <\/span>Physiol Behav. 2021 Oct 15;240:113545. doi: 10.1016\/j.physbeh.2021.113545. Epub 2021 Aug 4.PMID: 34363817<\/li>\n<li class=\"p1\">Erdo\u011fan F, <b>\u015eenkal E<\/b>, \u00d6zer \u00d6F, \u0130pek \u0130\u00d6, Altunta\u015f \u015eL, \u00d6zde \u015e. Oxidative stress in maternal milk and cord blood in gestational diabetes mellitus: a prospective study. Sao Paulo Med J. 2022 May-Jun;140(3):390-397. doi: 10.1590\/1516-3180.2021.0209.R1.25082021. PMID: 35508001; PMCID: PMC9671259.<\/li>\n<li class=\"p2\">Kara \u0130, Ramadan S, <b>\u015eenkal E<\/b>, Ko\u00e7dor P. Pediatric T-cell Lymphoblastic Leukemia\/Lymphoma Diagnosed at Routine Adenoidectomy Specimen. Int J Surg Pathol. 2023 Aug;31(5):846-851. doi: 10.1177\/10668969221142044. Epub 2022 Dec 7. PMID: 36476077.<\/li>\n<li class=\"p2\"><b>\u015eenkal E<\/b>, Kurt \u00d6M, Yal\u00e7\u0131n SS, Koller D, Boran P. Seeing the pandemic through children&#8217;s eyes: Exploring Turkish children&#8217;s views on COVID-19 pandemic by focus-group discussions. Child Care Health Dev. 2023 Sep;49(5):816-824. doi: 10.1111\/cch.13099. Epub 2023 Jan 30. PMID: 36708023.<\/li>\n<li class=\"p1\">Basibuyuk M, Karabayir N, Celep G, Karademir F, Kacir A, Bilgin D, B\u00fcke \u00d6, \u00d6\u00e7al \u00d6, <b>Senkal E<\/b>, Kula M, \u00d6zbay YS, G\u00f6n\u00fcltas \u00d6, Ulukol B, Dagli F. Telelactation Support in Emergency Situations: Experiences From the Recent Devastating Earthquakes in Turkey. Cureus. 2025 Feb 21;17(2):e79399. doi: 10.7759\/cureus.79399. PMID: 40125143; PMCID: PMC11929972.<\/li>\n<li class=\"p2\">\u00d6zel CS, Bilir RA<b>, \u015eenkal E<\/b>, Telatar TG, Turgut A. The effect of COVID-19 during pregnancy on postpartum depression and mother-infant attachment. Ir J Med Sci. 2025 Jun;194(3):1039-1048. doi: 10.1007\/s11845-025-03928-1. Epub 2025 Mar 24. PMID: 40126810; PMCID: PMC12276098.<\/li>\n<li class=\"p1\">Bilgic-Eltan S, Karakurt T, Yuksel RG, Yalaki AI, Durankus F, Dut R, Altun EZ, Aygun B, Kacar D, <b>Senkal E<\/b>, Sefer Arinc AP, Gurel BA, Baris S, Arga M, Ozen AO, Karakoc-Aydiner E, Cavkaytar O. The Discrepancy Between Perceived and Proven Drug Hypersensitivity in a Well-Defined Cohort of Patients With Inborn Errors of Immunity. Allergy. 2025 Apr 29. doi: 10.1111\/all.16570. Epub ahead of print. PMID: 40298338.<\/li>\n<\/ul>\n","protected":false},"excerpt":{"rendered":"<p>Ipek IO, Sezer RG, \u015eenkal E, Bozaykut A. Relationship between procalcitonin levels and presence of vesicoureteral reflux during first febrile urinary tract infection in children. Urology. 2012 Apr;79(4):883-7. doi: 10.1016\/j.urology2011.11.014. Epub 2012 Jan13 Erdogan F, Elia\u00e7\u0131k M, \u015eenkal E, Erdur SK, Kulak K, Ipek IO. Evaluation of the effects of serum iron levels on lacrimal&hellip;<\/p>\n","protected":false},"author":4,"featured_media":0,"parent":17,"menu_order":0,"comment_status":"closed","ping_status":"closed","template":"","meta":{"footnotes":""},"class_list":["post-662","page","type-page","status-publish","hentry","description-off"],"_links":{"self":[{"href":"https:\/\/drevrimsenkal.com\/en\/wp-json\/wp\/v2\/pages\/662","targetHints":{"allow":["GET"]}}],"collection":[{"href":"https:\/\/drevrimsenkal.com\/en\/wp-json\/wp\/v2\/pages"}],"about":[{"href":"https:\/\/drevrimsenkal.com\/en\/wp-json\/wp\/v2\/types\/page"}],"author":[{"embeddable":true,"href":"https:\/\/drevrimsenkal.com\/en\/wp-json\/wp\/v2\/users\/4"}],"replies":[{"embeddable":true,"href":"https:\/\/drevrimsenkal.com\/en\/wp-json\/wp\/v2\/comments?post=662"}],"version-history":[{"count":2,"href":"https:\/\/drevrimsenkal.com\/en\/wp-json\/wp\/v2\/pages\/662\/revisions"}],"predecessor-version":[{"id":856,"href":"https:\/\/drevrimsenkal.com\/en\/wp-json\/wp\/v2\/pages\/662\/revisions\/856"}],"up":[{"embeddable":true,"href":"https:\/\/drevrimsenkal.com\/en\/wp-json\/wp\/v2\/pages\/17"}],"wp:attachment":[{"href":"https:\/\/drevrimsenkal.com\/en\/wp-json\/wp\/v2\/media?parent=662"}],"curies":[{"name":"wp","href":"https:\/\/api.w.org\/{rel}","templated":true}]}}