{"id":664,"date":"2026-02-25T19:20:48","date_gmt":"2026-02-25T16:20:48","guid":{"rendered":"https:\/\/drevrimsenkal.com\/?page_id=664"},"modified":"2026-03-29T09:42:15","modified_gmt":"2026-03-29T06:42:15","slug":"uluslararasi-bilimsel-toplantilarda-sunulan-ve-bildiri-kitabinda-basilan-bildiriler","status":"publish","type":"page","link":"https:\/\/drevrimsenkal.com\/en\/yayinlarim\/uluslararasi-bilimsel-toplantilarda-sunulan-ve-bildiri-kitabinda-basilan-bildiriler\/","title":{"rendered":"Papers Presented at International Scientific Meetings and Published in Proceedings Books"},"content":{"rendered":"<ul>\n<li class=\"p1\">Oval\u0131 F, Karadeniz L, Pelin K, Demird\u00f6ven M, <b>Kaya E<\/b> \u2018Unusual causes of neonatal respiratory distress\u2019 25th International Congress of Pediatrics, 25-30 August 2007, Athens, Greece (\u00d6zet bildiri, Poster sunum).<\/li>\n<li class=\"p1\">Bozaykut A., Ipek I., Sezer R., <b>\u015eenkal E.<\/b>, Seren L., Paket\u00e7i C. \u2018The relationship of procalcitonin and vesicoureteral reflux in febrile urinary tract infections\u2019 The 26th International Pediatric Association Congress of Pediatrics, 4-9 August 2010, Johannesburg, South Africa (\u00d6zet bildiri, Poster sunum).<\/li>\n<li class=\"p1\">Sezer R.G., Ozahi Ipek I., Bozaykut A, <b>Kaya \u015eenkal E.<\/b>, Pulat Seren L., Paket\u00e7i C. \u2018Characteristics of children with and without vesicoureteral reflux\u2019 The 26th International Pediatric Association Congress of Pediatrics, 4-9 August 2010, Johannesburg, South Africa (\u00d6zet bildiri, Poster sunum).<\/li>\n<li class=\"p1\">Ipek I., Bozaykut A., Sezer R., <b>\u015eenkal E.<\/b>, Seren L., Paket\u00e7i C. \u2018Urinary tract infections in children \u2019The 26th International Pediatric Association Congress of Pediatrics, 4-9 August 2010, Johannesburg, South Africa (\u00d6zet bildiri, Poster sunum).<\/li>\n<li class=\"p1\"><b>\u015eenkal E.<\/b>, Bar\u0131\u015f E., Kutluata A., Timur A.S., Pezukli B., Boran P. \u2018Emzirmenin De\u011ferlendirilmesinde Sosyal Belirleyiciler\u2019 Uluslararas\u0131 Emzirme Ger\u00e7e\u011fi Kongresi, 2022, Online (Tam metin, S\u00f6zl\u00fc sunum).<\/li>\n<li class=\"p1\"><b>\u015eenkal E.<\/b>, \u00c7\u00f6l N. \u2018The possible effects on the food parenting practices of mothers on the children appetite\u2019 3. Uluslararas\u0131 Avrasya Sosyal Pediatri Kongresi ve 7.Ulusal Sosyal Pediatri Kongresi, 2022 (\u00d6zet bildiri, S\u00f6zl\u00fc sunum).<\/li>\n<li class=\"p1\"><b>\u015eenkal E.<\/b>, \u00c7\u00f6l N. \u2018The role of responsive parenting practices in the timing of initiating <span class=\"s1\">complementary and solid foods\u2019 <\/span>11. Uluslararas\u0131 T\u0131p ve Sa\u011fl\u0131k Bilimleri Ara\u015ft\u0131rmalar\u0131 Kongresi, 2022, Online (Tam metin, S\u00f6zl\u00fc sunum).<\/li>\n<li class=\"p3\"><b>\u015eenkal E<\/b>, Kurt \u00d6M, Yal\u00e7\u0131n SS, Koller D, Boran P.<span class=\"s1\"> \u2018Seeing The Pandemic Through Children\u2019s <\/span>Eyes: Exploring Turkish Children\u2019s Views on COVID-19 Pandemic by Focus-Group Discussions\u2019 3rd International Eurasian Social Pediatrics Annual Congress and the 7th National Social Pediatrics Annual Congress, 2022 (\u00d6zet bildiri, S\u00f6zl\u00fc sunum).<\/li>\n<li class=\"p1\">Mutlu D, \u00d6zb\u00f6ru A\u015fkan \u00d6, \u015eenkal E, \u015eahin Da\u011fl\u0131 F, Da\u011fl\u0131 T. \u2018Mellow Ebeveynlik Program\u0131&#8217;n\u0131n Etkisini Ebeveynlerin G\u00f6z\u00fcnden G\u00f6rmek\u2019 4. Uluslararas\u0131 \u00c7ocuk Koruma Kongresi, Ekim 2023, \u0130zmir, T\u00fcrkiye (\u00d6zet Bildiri, S\u00f6zl\u00fc sunum).<\/li>\n<\/ul>\n","protected":false},"excerpt":{"rendered":"<p>Oval\u0131 F, Karadeniz L, Pelin K, Demird\u00f6ven M, Kaya E \u2018Unusual causes of neonatal respiratory distress\u2019 25th International Congress of Pediatrics, 25-30 August 2007, Athens, Greece (\u00d6zet bildiri, Poster sunum). Bozaykut A., Ipek I., Sezer R., \u015eenkal E., Seren L., Paket\u00e7i C. \u2018The relationship of procalcitonin and vesicoureteral reflux in febrile urinary tract infections\u2019 The&hellip;<\/p>\n","protected":false},"author":4,"featured_media":0,"parent":17,"menu_order":0,"comment_status":"closed","ping_status":"closed","template":"","meta":{"footnotes":""},"class_list":["post-664","page","type-page","status-publish","hentry","description-off"],"_links":{"self":[{"href":"https:\/\/drevrimsenkal.com\/en\/wp-json\/wp\/v2\/pages\/664","targetHints":{"allow":["GET"]}}],"collection":[{"href":"https:\/\/drevrimsenkal.com\/en\/wp-json\/wp\/v2\/pages"}],"about":[{"href":"https:\/\/drevrimsenkal.com\/en\/wp-json\/wp\/v2\/types\/page"}],"author":[{"embeddable":true,"href":"https:\/\/drevrimsenkal.com\/en\/wp-json\/wp\/v2\/users\/4"}],"replies":[{"embeddable":true,"href":"https:\/\/drevrimsenkal.com\/en\/wp-json\/wp\/v2\/comments?post=664"}],"version-history":[{"count":2,"href":"https:\/\/drevrimsenkal.com\/en\/wp-json\/wp\/v2\/pages\/664\/revisions"}],"predecessor-version":[{"id":858,"href":"https:\/\/drevrimsenkal.com\/en\/wp-json\/wp\/v2\/pages\/664\/revisions\/858"}],"up":[{"embeddable":true,"href":"https:\/\/drevrimsenkal.com\/en\/wp-json\/wp\/v2\/pages\/17"}],"wp:attachment":[{"href":"https:\/\/drevrimsenkal.com\/en\/wp-json\/wp\/v2\/media?parent=664"}],"curies":[{"name":"wp","href":"https:\/\/api.w.org\/{rel}","templated":true}]}}