{"id":666,"date":"2026-02-25T19:21:45","date_gmt":"2026-02-25T16:21:45","guid":{"rendered":"https:\/\/drevrimsenkal.com\/?page_id=666"},"modified":"2026-03-29T09:44:03","modified_gmt":"2026-03-29T06:44:03","slug":"yazilan-uluslararasi-kitaplar-veya-kitaplarda-bolumler","status":"publish","type":"page","link":"https:\/\/drevrimsenkal.com\/en\/yayinlarim\/yazilan-uluslararasi-kitaplar-veya-kitaplarda-bolumler\/","title":{"rendered":"International Books Authored or Book Chapters"},"content":{"rendered":"<ul>\n<li class=\"p1\">\u00c7ocuklarda A\u2019 dan Z\u2019 ye Beslenme,<b> <\/b>11. B\u00f6l\u00fcm: Beslenme De\u011ferlendirilmesi, Maln\u00fctrisyon Tarama ve Tedavisi (2020). <b>\u015eenkal E. <\/b>Akademisyen Kitabevi, 1. Bask\u0131, s: 85-95. ISBN: 978-625-710- 635-1.<\/li>\n<li class=\"p2\">\u00c7ocuklarda A\u2019 dan Z\u2019 ye Beslenme, 12. B\u00f6l\u00fcm: Enteral Beslenme (2020). <b>\u015eenkal E. <\/b>Akademisyen Kitabevi, 1. Bask\u0131, s: 95-101. ISBN: 978-625-710-635-1.<\/li>\n<li class=\"p1\">T\u00fcrkiye Klinikleri, 7. B\u00f6l\u00fcm: COVID-19 Pandemisinin \u00c7ocuklarda Ya\u015fam Tarz\u0131 \u00dczerine Etkileri (2021). <b>\u015eenkal E<\/b>, Boran P. 1. Bask\u0131, s: 37-43. ISBN: 978-625-401-305-8.<\/li>\n<\/ul>\n","protected":false},"excerpt":{"rendered":"<p>\u00c7ocuklarda A\u2019 dan Z\u2019 ye Beslenme, 11. B\u00f6l\u00fcm: Beslenme De\u011ferlendirilmesi, Maln\u00fctrisyon Tarama ve Tedavisi (2020). \u015eenkal E. Akademisyen Kitabevi, 1. Bask\u0131, s: 85-95. ISBN: 978-625-710- 635-1. \u00c7ocuklarda A\u2019 dan Z\u2019 ye Beslenme, 12. B\u00f6l\u00fcm: Enteral Beslenme (2020). \u015eenkal E. Akademisyen Kitabevi, 1. Bask\u0131, s: 95-101. ISBN: 978-625-710-635-1. T\u00fcrkiye Klinikleri, 7. B\u00f6l\u00fcm: COVID-19 Pandemisinin \u00c7ocuklarda Ya\u015fam&hellip;<\/p>\n","protected":false},"author":4,"featured_media":0,"parent":17,"menu_order":0,"comment_status":"closed","ping_status":"closed","template":"","meta":{"footnotes":""},"class_list":["post-666","page","type-page","status-publish","hentry","description-off"],"_links":{"self":[{"href":"https:\/\/drevrimsenkal.com\/en\/wp-json\/wp\/v2\/pages\/666","targetHints":{"allow":["GET"]}}],"collection":[{"href":"https:\/\/drevrimsenkal.com\/en\/wp-json\/wp\/v2\/pages"}],"about":[{"href":"https:\/\/drevrimsenkal.com\/en\/wp-json\/wp\/v2\/types\/page"}],"author":[{"embeddable":true,"href":"https:\/\/drevrimsenkal.com\/en\/wp-json\/wp\/v2\/users\/4"}],"replies":[{"embeddable":true,"href":"https:\/\/drevrimsenkal.com\/en\/wp-json\/wp\/v2\/comments?post=666"}],"version-history":[{"count":2,"href":"https:\/\/drevrimsenkal.com\/en\/wp-json\/wp\/v2\/pages\/666\/revisions"}],"predecessor-version":[{"id":861,"href":"https:\/\/drevrimsenkal.com\/en\/wp-json\/wp\/v2\/pages\/666\/revisions\/861"}],"up":[{"embeddable":true,"href":"https:\/\/drevrimsenkal.com\/en\/wp-json\/wp\/v2\/pages\/17"}],"wp:attachment":[{"href":"https:\/\/drevrimsenkal.com\/en\/wp-json\/wp\/v2\/media?parent=666"}],"curies":[{"name":"wp","href":"https:\/\/api.w.org\/{rel}","templated":true}]}}