{"id":668,"date":"2026-02-25T19:23:32","date_gmt":"2026-02-25T16:23:32","guid":{"rendered":"https:\/\/drevrimsenkal.com\/?page_id=668"},"modified":"2026-03-29T09:44:54","modified_gmt":"2026-03-29T06:44:54","slug":"ulusal-hakemli-dergilerde-yayinlanan-makaleler","status":"publish","type":"page","link":"https:\/\/drevrimsenkal.com\/en\/yayinlarim\/ulusal-hakemli-dergilerde-yayinlanan-makaleler\/","title":{"rendered":"Articles Published in National Peer-Reviewed Journals"},"content":{"rendered":"<ul>\n<li class=\"p1\"><b>\u015eenkal E<\/b>, Altay B, Erkut B, Bar\u0131\u015f\u0131k C, Erdo\u011fan F <b>\u2018<\/b>Pediatrik ya\u015f grubunda akut kar\u0131n a\u011fr\u0131s\u0131 ay\u0131r\u0131c\u0131 tan\u0131s\u0131nda \u00fcriner sistem ta\u015f hasta\u011f\u0131n\u0131n yeri &#8216; The New Journal of Urology (Yeni \u00dcroloji Dergisi) Cilt \/ Volume 11 . Say\u0131 \/ Number 1. \u015eubat\/ February 2015<\/li>\n<li class=\"p1\">Erdo\u011fan F., <b>\u015eenkal E.<\/b>, \u00c7ift\u00e7i M., Do\u011fan E., Keskinbora M., \u015eahin M., Ceran \u00d6. \u2018Effects of obesity on upper extremity range of motion in children\u2019 FNG&amp;Bilim Dergisi 2016;2(3):195-200 doi:10.5606\/fng.btd.2016.035<span class=\"s1\">.<\/span><\/li>\n<li class=\"p1\"><b>\u015eenkal E<\/b>, \u00dcn\u00fcvar E Derleme: \u2018Bebeklerde burun t\u0131kan\u0131kl\u0131\u011f\u0131\u2019 Klinik T\u0131p Pediatri Dergisi Cilt:9 Say\u0131:3 May\u0131s-Haziran 2017 (Derleme).<\/li>\n<li class=\"p1\"><b>\u015eenkal E.<\/b>, \u00dcn\u00fcvar E., Seren L., G\u00f6l C., Duranku\u015f F. \u2018D vitamini bak\u0131lmas\u0131n\u0131n gereklili\u011fi ve d\u00fczeylerinin yorumu\u2019 \u00c7ocuk Dergisi 2018;18(3):97-102 doi:10.5222\/j.child.2018.79037 (Derleme)<\/li>\n<li class=\"p1\">Duranku\u015f F, Ayvaz A, Bozdag S, Gol C, <b>\u015eenkal E <\/b>\u2018X-linked Myotubuler Myopathy and Chylothorax\u2019 DergiPark\/ International Anatolia Academic Online Journal\/Journal of Health Science Cilt 4, Say\u0131 2, Sayfalar 40-47, Eyl\u00fcl 2018<span class=\"s1\">.<\/span><\/li>\n<li class=\"p1\">Ko\u00e7dor P., Elhakan E., <b>\u015eenkal E.<\/b>, Tatl\u0131p\u0131nar A. \u2018Adenoidektomi sonras\u0131 kilo al\u0131m\u0131, boy art\u0131\u015f\u0131 ve ebeveyn memnuniyeti\u2019 Kulak Burun Bo\u011faz ve Ba\u015f Boyun Cerrahisi Dergisi doi: 10.241797\/kbbbbc.2019-65218<\/li>\n<li class=\"p1\"><b>\u015eenkal E.<\/b>, Toprak S., \u00d6zb\u00f6r\u00fc A\u015fkan \u00d6., Abdullah G\u00f6l C., Duranku\u015f F., Saf C., \u00dcn\u00fcvar E. \u2018Yuva \u00e7ocuklar\u0131nda ba\u011f\u0131\u015f\u0131kl\u0131\u011f\u0131 destekleyici ila\u00e7lar\u0131n solunum yolu enfeksiyonlar\u0131n\u0131 \u00f6nlemedeki etkinli\u011fi\u2019 \u00c7ocuk Dergisi 2019;19(3):132-137 doi:10.5022\/j.child.2019.76993<\/li>\n<li class=\"p1\">Duranku\u015f F., <b>\u015eenkal E.<\/b>, Duranku\u015f R., S\u00fcnnet\u00e7i Silistre E., Say\u0131n O., Potas N., Albayrak Y. \u2018Altered Serum Chitotriosidase Activity and Irisin Level in Obese Children\u2019 <i>Sakarya Med J <\/i>2021, 11(3):523-532 ) DOI: 10.31832\/smj.882608<\/li>\n<\/ul>\n","protected":false},"excerpt":{"rendered":"<p>\u015eenkal E, Altay B, Erkut B, Bar\u0131\u015f\u0131k C, Erdo\u011fan F \u2018Pediatrik ya\u015f grubunda akut kar\u0131n a\u011fr\u0131s\u0131 ay\u0131r\u0131c\u0131 tan\u0131s\u0131nda \u00fcriner sistem ta\u015f hasta\u011f\u0131n\u0131n yeri &#8216; The New Journal of Urology (Yeni \u00dcroloji Dergisi) Cilt \/ Volume 11 . Say\u0131 \/ Number 1. \u015eubat\/ February 2015 Erdo\u011fan F., \u015eenkal E., \u00c7ift\u00e7i M., Do\u011fan E., Keskinbora M., \u015eahin&hellip;<\/p>\n","protected":false},"author":4,"featured_media":0,"parent":17,"menu_order":0,"comment_status":"closed","ping_status":"closed","template":"","meta":{"footnotes":""},"class_list":["post-668","page","type-page","status-publish","hentry","description-off"],"_links":{"self":[{"href":"https:\/\/drevrimsenkal.com\/en\/wp-json\/wp\/v2\/pages\/668","targetHints":{"allow":["GET"]}}],"collection":[{"href":"https:\/\/drevrimsenkal.com\/en\/wp-json\/wp\/v2\/pages"}],"about":[{"href":"https:\/\/drevrimsenkal.com\/en\/wp-json\/wp\/v2\/types\/page"}],"author":[{"embeddable":true,"href":"https:\/\/drevrimsenkal.com\/en\/wp-json\/wp\/v2\/users\/4"}],"replies":[{"embeddable":true,"href":"https:\/\/drevrimsenkal.com\/en\/wp-json\/wp\/v2\/comments?post=668"}],"version-history":[{"count":2,"href":"https:\/\/drevrimsenkal.com\/en\/wp-json\/wp\/v2\/pages\/668\/revisions"}],"predecessor-version":[{"id":862,"href":"https:\/\/drevrimsenkal.com\/en\/wp-json\/wp\/v2\/pages\/668\/revisions\/862"}],"up":[{"embeddable":true,"href":"https:\/\/drevrimsenkal.com\/en\/wp-json\/wp\/v2\/pages\/17"}],"wp:attachment":[{"href":"https:\/\/drevrimsenkal.com\/en\/wp-json\/wp\/v2\/media?parent=668"}],"curies":[{"name":"wp","href":"https:\/\/api.w.org\/{rel}","templated":true}]}}