{"id":670,"date":"2026-02-25T19:25:58","date_gmt":"2026-02-25T16:25:58","guid":{"rendered":"https:\/\/drevrimsenkal.com\/?page_id=670"},"modified":"2026-03-29T09:43:00","modified_gmt":"2026-03-29T06:43:00","slug":"ulusal-bilimsel-toplantilarda-sunulan-ve-bildiri-kitabinda-basilan-bildiriler","status":"publish","type":"page","link":"https:\/\/drevrimsenkal.com\/en\/yayinlarim\/ulusal-bilimsel-toplantilarda-sunulan-ve-bildiri-kitabinda-basilan-bildiriler\/","title":{"rendered":"Papers Presented at National Scientific Meetings and Published in Proceedings Books"},"content":{"rendered":"<ul>\n<li class=\"p1\">Atay E, Demird\u00f6ven M, Karadeniz L, G\u00fcven \u015e, <b>Kaya E<\/b>, Oval\u0131 F \u2018Kapiller hemanjiomatoziste pulmoner tutulum: Olgu sunumu\u2019 15. Ulusal Neonatoloji Kongresi, Antalya (\u00d6zet bildiri, Poster sunum).<\/li>\n<li class=\"p1\">Erdo\u011fan F, <b>\u015eenkal E<\/b> , Erkut B, Altay B, Bar\u0131\u015f\u0131k C, Ceran \u00d6 &#8216;Pediatrik ya\u015f grubunda akut kar\u0131n a\u011fr\u0131s\u0131 ay\u0131r\u0131c\u0131 tan\u0131s\u0131nda \u00fcriner sistem ta\u015f hastal\u0131\u011f\u0131n\u0131n yeri&#8217; 59. Milli Pediatri Konresi, Antalya (\u00d6zet bildiri, Poster sunum).<\/li>\n<li class=\"p1\">Erdo\u011fan F, <b>\u015eenkal E<\/b>, Kartal V, \u0130pek \u0130, Ceran \u00d6, Demiralp B &#8216;\u00c7ocuklarda v\u00fccut kitle indeksine ba\u011fl\u0131 ortaya \u00e7\u0131kan eklem a\u00e7\u0131 de\u011fi\u015fimlerinin incelenmesi&#8217; 59. Milli Pediatri Konresi, Antalya (\u00d6zet bildiri, Poster sunum).<\/li>\n<li class=\"p1\">Elia\u00e7\u0131k M, Erdo\u011fan F, <b>\u015eenkal E<\/b>, Erdur S, Kartal V &#8216;\u00c7ocukluk \u00e7a\u011f\u0131nda rastlan\u0131lan a\u015f\u0131r\u0131 g\u00f6z k\u0131rpma \u015fikayetlerinin etiyolojisinin incelenmesi&#8217; 59. Milli Pediatri Konresi, Antalya (\u00d6zet bildiri, Poster sunum).<\/li>\n<li class=\"p1\">Erdo\u011fan F, Kadak M, <b>\u015eenkal E<\/b>, Kartal V, Demirel \u00d6, Ate\u015f B &#8216;Uyku-Uyan\u0131kl\u0131k D\u00f6ng\u00fcs\u00fcn\u00fcn Primer Monosemptomatik Nokturnal En\u00fcrezis \u00dczerindeki Etkisi: Bir randomize olmayan kar\u015f\u0131la\u015ft\u0131rmal\u0131 \u00e7al\u0131\u015fma&#8217; 59. Milli Pediatri Konresi, Antalya (\u00d6zet bildiri, Poster sunum).<b>7.6.6.<\/b> Erdo\u011fan F, \u0130pek \u0130, <b>\u015eenkal E<\/b>, \u00d6zt\u00fcrk \u00d6, Ceran \u00d6, Seven H &#8216;Pfapa Sendromu Tedavisi Medikal mi ? Cerrahi mi?&#8217; 59. Milli Pediatri Konresi, Antalya (\u00d6zet bildiri, Poster sunum).<\/li>\n<li class=\"p1\">Erdo\u011fan F, \u00d6zer \u00d6, <b>\u015eenkal E<\/b>, \u0130pek \u0130, \u00d6zde \u015e, Altunta\u015f L &#8216;Gestasyonel diabetes mellitusta oksidatif stresin de\u011fi\u015fimi&#8217; 59. Milli Pediatri Konresi, Antalya (\u00d6zet bildiri, Poster sunum).<\/li>\n<li class=\"p1\"><b>\u015eenkal E<\/b>, G\u00f6l C, Seren L, Duranku\u015f F, Elemen L, \u00d6ner A, \u00dcn\u00fcvar E \u2018 Henoch Sch\u00f6nlein Purpuras\u0131nda Akut Epididimit: Olgu sunumu\u2019 61. T\u00fcrkiye Milli Pediatri Kongresi, Antalya (\u00d6zet bildiri, Poster sunum).<\/li>\n<li class=\"p1\"><b>\u015eenkal E<\/b>, Duranku\u015f F, G\u00f6l C, Seren L, \u00dcn\u00fcvar E \u2018 \u00c7ocuklarda 2016-2017 sezonunda \u0130nfluenza vakalar\u0131 ve \u0130nfluenza a\u015f\u0131s\u0131n\u0131n etkileri\u2019 61. T\u00fcrkiye Milli Pediatri Kongresi, Antalya (\u00d6zet bildiri, Poster sunum).<\/li>\n<li class=\"p1\">Bozda\u011f \u015e, Duranku\u015f F, Ayvaz A, G\u00f6l C, <b>\u015eenkal E<\/b> \u2018 \u015eilotoraks birlikteli\u011fi ile X\u2019e ba\u011fl\u0131 miyotubuler miyopati hastal\u0131\u011f\u0131: Olgu sunumu\u2019 26. Ulusal Neonatoloji Kongresi (UNEKO-26), K\u0131br\u0131s (\u00d6zet bildiri, Poster sunum).<\/li>\n<li class=\"p1\">Ayvaz A, Duranku\u015f F, Bozda\u011f \u015e, G\u00f6l C, <b>\u015eenkal E<\/b> \u2018 \u015eilotoraks ile gelen X\u2019e ba\u011fl\u0131 miyotubuler miyopati\u2019 20. Ulusal \u00c7ocuk N\u00f6roloji Kongresi, K\u0131br\u0131s (\u00d6zet bildiri, Poster sunum).<\/li>\n<li class=\"p1\">Ko\u00e7dor P., Elhakan E., <b>\u015eenkal E.<\/b>, Tatl\u0131p\u0131nar A. \u2018 Adenoidektomi sonras\u0131 erken d\u00f6nem kilo al\u0131m\u0131, boy art\u0131\u015f\u0131 ve ebeveyn memnuniyeti\u2019 Meditrio Kongresi Ekim 2018, K\u0131br\u0131s (\u00d6zet bildiri, S\u00f6zl\u00fc sunum).<\/li>\n<li class=\"p1\"><b>\u015eenkal E.<\/b>, Toprak S., \u00d6zb\u00f6r\u00fc A\u015fkan \u00d6., Abdullah G\u00f6l C., Duranku\u015f F., Saf C., \u00dcn\u00fcvar E. \u2018Yuva \u00e7ocuklar\u0131nda ba\u011f\u0131\u015f\u0131kl\u0131\u011f\u0131 destekleyici ila\u00e7lar\u0131n solunum yolu enfeksiyonlar\u0131n\u0131 \u00f6nlemedeki etkinli\u011fi\u2019 62. Milli Pediatri Kongresi, 2018, Antalya (\u00d6zet bildiri, Poster sunum).<\/li>\n<li class=\"p2\"><b>\u015eenkal E.<\/b> \u2018T\u0131p Fak\u00fcltesi \u00d6\u011frencilerinin ve Pediatri Asistanlar\u0131n\u0131n Anne S\u00fct\u00fc Sa\u011fma Konusundaki Bilgi D\u00fczeylerinin De\u011ferlendirilmesi\u2019 45. Pediatri G\u00fcnleri, 2023 (Tam metin bildiri, S\u00f6zl\u00fc sunum)<\/li>\n<\/ul>\n","protected":false},"excerpt":{"rendered":"<p>Atay E, Demird\u00f6ven M, Karadeniz L, G\u00fcven \u015e, Kaya E, Oval\u0131 F \u2018Kapiller hemanjiomatoziste pulmoner tutulum: Olgu sunumu\u2019 15. Ulusal Neonatoloji Kongresi, Antalya (\u00d6zet bildiri, Poster sunum). Erdo\u011fan F, \u015eenkal E , Erkut B, Altay B, Bar\u0131\u015f\u0131k C, Ceran \u00d6 &#8216;Pediatrik ya\u015f grubunda akut kar\u0131n a\u011fr\u0131s\u0131 ay\u0131r\u0131c\u0131 tan\u0131s\u0131nda \u00fcriner sistem ta\u015f hastal\u0131\u011f\u0131n\u0131n yeri&#8217; 59. Milli&hellip;<\/p>\n","protected":false},"author":4,"featured_media":0,"parent":17,"menu_order":0,"comment_status":"closed","ping_status":"closed","template":"","meta":{"footnotes":""},"class_list":["post-670","page","type-page","status-publish","hentry","description-off"],"_links":{"self":[{"href":"https:\/\/drevrimsenkal.com\/en\/wp-json\/wp\/v2\/pages\/670","targetHints":{"allow":["GET"]}}],"collection":[{"href":"https:\/\/drevrimsenkal.com\/en\/wp-json\/wp\/v2\/pages"}],"about":[{"href":"https:\/\/drevrimsenkal.com\/en\/wp-json\/wp\/v2\/types\/page"}],"author":[{"embeddable":true,"href":"https:\/\/drevrimsenkal.com\/en\/wp-json\/wp\/v2\/users\/4"}],"replies":[{"embeddable":true,"href":"https:\/\/drevrimsenkal.com\/en\/wp-json\/wp\/v2\/comments?post=670"}],"version-history":[{"count":3,"href":"https:\/\/drevrimsenkal.com\/en\/wp-json\/wp\/v2\/pages\/670\/revisions"}],"predecessor-version":[{"id":859,"href":"https:\/\/drevrimsenkal.com\/en\/wp-json\/wp\/v2\/pages\/670\/revisions\/859"}],"up":[{"embeddable":true,"href":"https:\/\/drevrimsenkal.com\/en\/wp-json\/wp\/v2\/pages\/17"}],"wp:attachment":[{"href":"https:\/\/drevrimsenkal.com\/en\/wp-json\/wp\/v2\/media?parent=670"}],"curies":[{"name":"wp","href":"https:\/\/api.w.org\/{rel}","templated":true}]}}