{"id":673,"date":"2026-02-25T19:26:30","date_gmt":"2026-02-25T16:26:30","guid":{"rendered":"https:\/\/drevrimsenkal.com\/?page_id=673"},"modified":"2026-03-29T18:21:42","modified_gmt":"2026-03-29T15:21:42","slug":"roportajlar-sunumlar-ve-projeler","status":"publish","type":"page","link":"https:\/\/drevrimsenkal.com\/en\/yayinlarim\/roportajlar-sunumlar-ve-projeler\/","title":{"rendered":"Interviews, Presentations, and Projects"},"content":{"rendered":"<div class=\"wpb-content-wrapper\"><p>[vc_row][vc_column]<div id=\"ultimate-heading-273569e631bdab09a\" class=\"uvc-heading ult-adjust-bottom-margin ultimate-heading-273569e631bdab09a uvc-1870  uvc-heading-default-font-sizes\" data-hspacer=\"no_spacer\"  data-halign=\"left\" style=\"text-align:left\"><div class=\"uvc-heading-spacer no_spacer\" style=\"top\"><\/div><div class=\"uvc-main-heading ult-responsive\"  data-ultimate-target='.uvc-heading.ultimate-heading-273569e631bdab09a h3'  data-responsive-json-new='{\"font-size\":\"\",\"line-height\":\"\"}' ><h3 style=\"--font-weight:theme;margin-bottom:15px;\">Print and Visual Media<\/h3><\/div><\/div>[\/vc_column][\/vc_row][vc_row][vc_column width=&#8221;1\/3&#8243;][vc_single_image image=&#8221;706&#8243; img_size=&#8221;full&#8221; onclick=&#8221;custom_link&#8221; img_link_target=&#8221;_blank&#8221; css=&#8221;&#8221; link=&#8221;https:\/\/youtu.be\/8NEpu2PR4pk&#8221;][\/vc_column][vc_column width=&#8221;1\/3&#8243;]<div id=\"modal-trg-txt-wrap-3269\" class=\"ult-modal-input-wrapper ult-adjust-bottom-margin   vc_custom_1772169001509  \" data-keypress-control=\"keypress-control-enable\" data-overlay-control=\"overlay-control-enable\"><img decoding=\"async\" tabindex=\"0\" src=\"https:\/\/drevrimsenkal.com\/wp-content\/uploads\/sites\/62\/2026\/02\/logo-basin-fbtv.png\" alt=\"null\" data-class-id=\"content-69e631bdab1326-99642012\" class=\"ult-modal-img overlay-show ult-align-left ult-modal-image-\" data-overlay-class=\"overlay-fade\"\/><\/div>\n<div class=\"ult-overlay content-69e631bdab1326-99642012 \" data-class=\"content-69e631bdab1326-99642012\" id=\"button-click-overlay\" style=\"background:rgba(51,51,51,0.8); display:none;\">\n\t<div class=\"ult_modal ult-fade ult-medium\">\n\t\t<div id=\"ult-modal-wrap-7268\" class=\"ult_modal-content ult-hide\" style=\"border-style:solid;border-width:2px;border-radius:0px;border-color:#333333;\">\n\t\t\t<div class=\"ult_modal-header\" style=\"background:#FFFFFF;color:#333333;border-color:#333333;\">\n\t\t\t\t<h3  data-ultimate-target='#ult-modal-wrap-7268 .ult_modal-title'  data-responsive-json-new='{\"font-size\":\"\",\"line-height\":\"\"}'  class=\"ult_modal-title ult-responsive\">FBTV - Hastal\u0131kta Sa\u011fl\u0131kta<\/h3>\n\t\t\t<\/div>\n\t\t\t<div  data-ultimate-target='#ult-modal-wrap-7268 .ult_modal-body'  data-responsive-json-new='{\"font-size\":\"\",\"line-height\":\"\"}'  class=\"ult_modal-body ult-responsive ult-html\" style=\"background:#FFFFFF;\">\n\t\t\t<img loading=\"lazy\" decoding=\"async\" class=\"alignnone wp-image-746 size-full\" style=\"display: block;\" src=\"https:\/\/drevrimsenkal.com\/wp-content\/uploads\/sites\/62\/2026\/02\/target.jpeg\" alt=\"\" width=\"771\" height=\"826\" srcset=\"https:\/\/drevrimsenkal.com\/wp-content\/uploads\/sites\/62\/2026\/02\/target.jpeg 771w, https:\/\/drevrimsenkal.com\/wp-content\/uploads\/sites\/62\/2026\/02\/target-280x300.jpeg 280w, https:\/\/drevrimsenkal.com\/wp-content\/uploads\/sites\/62\/2026\/02\/target-768x823.jpeg 768w\" sizes=\"auto, (max-width: 771px) 100vw, 771px\" \/>\n\t\t\t<\/div>\n\t<\/div>\n\t<\/div>\n\t<div class=\"ult-overlay-close top-right\" style=\"width:30px;height:30px; \"><div class=\"ult-overlay-close-inside\">Close<\/div><\/div>\n<\/div>[vc_empty_space height=&#8221;35px&#8221;][\/vc_column][vc_column width=&#8221;1\/3&#8243;][vc_single_image image=&#8221;777&#8243; img_size=&#8221;full&#8221; onclick=&#8221;custom_link&#8221; img_link_target=&#8221;_blank&#8221; css=&#8221;&#8221; link=&#8221;http:\/\/m.cosmoturk.com\/anne-cocuk\/cocuklara-bayramda-az-cikolata-cok-sevgi-verin-efadd.html&#8221;][\/vc_column][\/vc_row][vc_row][vc_column]<div id=\"ultimate-heading-12569e631bdab204\" class=\"uvc-heading ult-adjust-bottom-margin ultimate-heading-12569e631bdab204 uvc-5965  uvc-heading-default-font-sizes\" data-hspacer=\"no_spacer\"  data-halign=\"left\" style=\"text-align:left\"><div class=\"uvc-heading-spacer no_spacer\" style=\"top\"><\/div><div class=\"uvc-main-heading ult-responsive\"  data-ultimate-target='.uvc-heading.ultimate-heading-12569e631bdab204 h3'  data-responsive-json-new='{\"font-size\":\"\",\"line-height\":\"\"}' ><h3 style=\"--font-weight:theme;margin-bottom:15px;\">Seminars and Presentations<\/h3><\/div><\/div>[vc_row_inner][vc_column_inner width=&#8221;1\/3&#8243;]<div id=\"modal-trg-txt-wrap-5170\" class=\"ult-modal-input-wrapper ult-adjust-bottom-margin   vc_custom_1774797605856  \" data-keypress-control=\"keypress-control-enable\" data-overlay-control=\"overlay-control-enable\"><img decoding=\"async\" tabindex=\"0\" src=\"https:\/\/drevrimsenkal.com\/wp-content\/uploads\/sites\/62\/2026\/02\/presentation-01.jpg\" alt=\"Technology Addiction: How Can We Reduce It? Assoc. Prof. Dr. Evrim \u015eenkal\" data-class-id=\"content-69e631bdab26a1-31806698\" class=\"ult-modal-img overlay-show ult-align-left ult-modal-image-\" data-overlay-class=\"overlay-fade\"\/><\/div>\n<div class=\"ult-overlay content-69e631bdab26a1-31806698 \" data-class=\"content-69e631bdab26a1-31806698\" id=\"button-click-overlay\" style=\"background:rgba(51,51,51,0.8); display:none;\">\n\t<div class=\"ult_modal ult-fade ult-medium\">\n\t\t<div id=\"ult-modal-wrap-5159\" class=\"ult_modal-content ult-hide\" style=\"border-style:solid;border-width:2px;border-radius:0px;border-color:#333333;\">\n\t\t\t<div class=\"ult_modal-header\" style=\"background:#FFFFFF;color:#333333;border-color:#333333;\">\n\t\t\t\t<h3  data-ultimate-target='#ult-modal-wrap-5159 .ult_modal-title'  data-responsive-json-new='{\"font-size\":\"\",\"line-height\":\"\"}'  class=\"ult_modal-title ult-responsive\">Technology Addiction: How Can We Reduce It? Assoc. Prof. Dr. Evrim \u015eenkal<\/h3>\n\t\t\t<\/div>\n\t\t\t<div  data-ultimate-target='#ult-modal-wrap-5159 .ult_modal-body'  data-responsive-json-new='{\"font-size\":\"\",\"line-height\":\"\"}'  class=\"ult_modal-body ult-responsive ult-html\" style=\"background:#FFFFFF;\">\n\t\t\t<\/p>\n<div id=\"attachment_719\" style=\"width: 2058px\" class=\"wp-caption alignnone\"><img loading=\"lazy\" decoding=\"async\" aria-describedby=\"caption-attachment-719\" class=\"wp-image-719 size-full\" src=\"https:\/\/drevrimsenkal.com\/wp-content\/uploads\/sites\/62\/2026\/02\/presentation-01.jpg\" alt=\"Technology Addiction: How Can We Reduce It? Assoc. Prof. Dr. Evrim \u015eenkal\" width=\"2048\" height=\"2048\" srcset=\"https:\/\/drevrimsenkal.com\/wp-content\/uploads\/sites\/62\/2026\/02\/presentation-01.jpg 2048w, https:\/\/drevrimsenkal.com\/wp-content\/uploads\/sites\/62\/2026\/02\/presentation-01-300x300.jpg 300w, https:\/\/drevrimsenkal.com\/wp-content\/uploads\/sites\/62\/2026\/02\/presentation-01-1024x1024.jpg 1024w, https:\/\/drevrimsenkal.com\/wp-content\/uploads\/sites\/62\/2026\/02\/presentation-01-150x150.jpg 150w, https:\/\/drevrimsenkal.com\/wp-content\/uploads\/sites\/62\/2026\/02\/presentation-01-768x768.jpg 768w, https:\/\/drevrimsenkal.com\/wp-content\/uploads\/sites\/62\/2026\/02\/presentation-01-1536x1536.jpg 1536w\" sizes=\"auto, (max-width: 2048px) 100vw, 2048px\" \/><p id=\"caption-attachment-719\" class=\"wp-caption-text\">Technology Addiction: How Can We Reduce It?<\/p><\/div>\n<p>\n\t\t\t<\/div>\n\t<\/div>\n\t<\/div>\n\t<div class=\"ult-overlay-close top-right\" style=\"width:30px;height:30px; \"><div class=\"ult-overlay-close-inside\">Close<\/div><\/div>\n<\/div>[\/vc_column_inner][vc_column_inner width=&#8221;1\/3&#8243;][\/vc_column_inner][vc_column_inner width=&#8221;1\/3&#8243;][\/vc_column_inner][\/vc_row_inner]<div id=\"ultimate-heading-917769e631bdab362\" class=\"uvc-heading ult-adjust-bottom-margin ultimate-heading-917769e631bdab362 uvc-9590  uvc-heading-default-font-sizes\" data-hspacer=\"no_spacer\"  data-halign=\"left\" style=\"text-align:left\"><div class=\"uvc-heading-spacer no_spacer\" style=\"top\"><\/div><div class=\"uvc-main-heading ult-responsive\"  data-ultimate-target='.uvc-heading.ultimate-heading-917769e631bdab362 h3'  data-responsive-json-new='{\"font-size\":\"\",\"line-height\":\"\"}' ><h3 style=\"--font-weight:theme;margin-top:30px;margin-bottom:15px;\">Projects<\/h3><\/div><\/div>[vc_column_text css=&#8221;&#8221;]<\/p>\n<p class=\"p1\">Investigation of heavy metal exposure in children living in earthquake-affected provinces and its effects on kidney function (T\u00dcB\u0130TAK Special 1001 Call Program, ongoing)<\/p>\n<p>[\/vc_column_text][\/vc_column][\/vc_row]<\/p>\n<\/div>","protected":false},"excerpt":{"rendered":"<p>[vc_row][vc_column][\/vc_column][\/vc_row][vc_row][vc_column width=&#8221;1\/3&#8243;][vc_single_image image=&#8221;706&#8243; img_size=&#8221;full&#8221; onclick=&#8221;custom_link&#8221; img_link_target=&#8221;_blank&#8221; css=&#8221;&#8221; link=&#8221;https:\/\/youtu.be\/8NEpu2PR4pk&#8221;][\/vc_column][vc_column width=&#8221;1\/3&#8243;][vc_empty_space height=&#8221;35px&#8221;][\/vc_column][vc_column width=&#8221;1\/3&#8243;][vc_single_image image=&#8221;777&#8243; img_size=&#8221;full&#8221; onclick=&#8221;custom_link&#8221; img_link_target=&#8221;_blank&#8221; css=&#8221;&#8221; link=&#8221;http:\/\/m.cosmoturk.com\/anne-cocuk\/cocuklara-bayramda-az-cikolata-cok-sevgi-verin-efadd.html&#8221;][\/vc_column][\/vc_row][vc_row][vc_column][vc_row_inner][vc_column_inner width=&#8221;1\/3&#8243;][\/vc_column_inner][vc_column_inner width=&#8221;1\/3&#8243;][\/vc_column_inner][vc_column_inner width=&#8221;1\/3&#8243;][\/vc_column_inner][\/vc_row_inner][vc_column_text css=&#8221;&#8221;] Investigation of heavy metal exposure in children living in earthquake-affected provinces and its effects on kidney function (T\u00dcB\u0130TAK Special 1001 Call Program, ongoing) [\/vc_column_text][\/vc_column][\/vc_row]<\/p>\n","protected":false},"author":4,"featured_media":0,"parent":17,"menu_order":0,"comment_status":"closed","ping_status":"closed","template":"","meta":{"footnotes":""},"class_list":["post-673","page","type-page","status-publish","hentry","description-off"],"_links":{"self":[{"href":"https:\/\/drevrimsenkal.com\/en\/wp-json\/wp\/v2\/pages\/673","targetHints":{"allow":["GET"]}}],"collection":[{"href":"https:\/\/drevrimsenkal.com\/en\/wp-json\/wp\/v2\/pages"}],"about":[{"href":"https:\/\/drevrimsenkal.com\/en\/wp-json\/wp\/v2\/types\/page"}],"author":[{"embeddable":true,"href":"https:\/\/drevrimsenkal.com\/en\/wp-json\/wp\/v2\/users\/4"}],"replies":[{"embeddable":true,"href":"https:\/\/drevrimsenkal.com\/en\/wp-json\/wp\/v2\/comments?post=673"}],"version-history":[{"count":6,"href":"https:\/\/drevrimsenkal.com\/en\/wp-json\/wp\/v2\/pages\/673\/revisions"}],"predecessor-version":[{"id":877,"href":"https:\/\/drevrimsenkal.com\/en\/wp-json\/wp\/v2\/pages\/673\/revisions\/877"}],"up":[{"embeddable":true,"href":"https:\/\/drevrimsenkal.com\/en\/wp-json\/wp\/v2\/pages\/17"}],"wp:attachment":[{"href":"https:\/\/drevrimsenkal.com\/en\/wp-json\/wp\/v2\/media?parent=673"}],"curies":[{"name":"wp","href":"https:\/\/api.w.org\/{rel}","templated":true}]}}